{"id":751,"date":"2025-03-24T12:04:02","date_gmt":"2025-03-24T12:04:02","guid":{"rendered":"https:\/\/kh-troemel.de\/gewerbe\/?page_id=751"},"modified":"2025-07-10T06:52:51","modified_gmt":"2025-07-10T06:52:51","slug":"cookies","status":"publish","type":"page","link":"https:\/\/kh-troemel.de\/gewerbe\/cookies\/","title":{"rendered":"Cookies"},"content":{"rendered":"\t\t<div data-elementor-type=\"wp-page\" data-elementor-id=\"751\" class=\"elementor elementor-751\" data-elementor-post-type=\"page\">\n\t\t\t\t<div class=\"elementor-element elementor-element-ae55dbb e-flex e-con-boxed e-con e-parent\" data-id=\"ae55dbb\" data-element_type=\"container\">\n\t\t\t\t\t<div class=\"e-con-inner\">\n\t\t<div class=\"elementor-element elementor-element-ac8bb64 e-con-full e-flex e-con e-child\" data-id=\"ac8bb64\" data-element_type=\"container\">\n\t\t\t\t<div class=\"elementor-element elementor-element-4c153e0 elementor-widget elementor-widget-heading\" data-id=\"4c153e0\" data-element_type=\"widget\" data-widget_type=\"heading.default\">\n\t\t\t\t<div class=\"elementor-widget-container\">\n\t\t\t\t\t<h1 class=\"elementor-heading-title elementor-size-default\">Cookies<\/h1>\t\t\t\t<\/div>\n\t\t\t\t<\/div>\n\t\t\t\t<div class=\"elementor-element elementor-element-deb717e elementor-widget elementor-widget-text-editor\" data-id=\"deb717e\" data-element_type=\"widget\" data-widget_type=\"text-editor.default\">\n\t\t\t\t<div class=\"elementor-widget-container\">\n\t\t\t\t\t\t\t\t\tDiese Webseite verwendet Cookies. Wir verwenden Cookies, um Inhalte und Anzeigen zu personalisieren, Funktionen f\u00fcr soziale Medien anbieten zu k\u00f6nnen und die Zugriffe auf unsere Website zu analysieren. Au\u00dferdem geben wir Informationen zu Ihrer Verwendung unserer Website an unsere Partner f\u00fcr soziale Medien, Werbung und Analysen weiter. Unsere Partner f\u00fchren diese Informationen m\u00f6glicherweise mit weiteren Daten zusammen, die Sie ihnen bereitgestellt haben oder die sie im Rahmen Ihrer Nutzung der Dienste gesammelt haben.\t\t\t\t\t\t\t\t<\/div>\n\t\t\t\t<\/div>\n\t\t\t\t<div class=\"elementor-element elementor-element-2ccfa4e elementor-widget elementor-widget-text-editor\" data-id=\"2ccfa4e\" data-element_type=\"widget\" data-widget_type=\"text-editor.default\">\n\t\t\t\t<div class=\"elementor-widget-container\">\n\t\t\t\t\t\t\t\t\tCookies sind kleine Textdateien, die von Webseiten verwendet werden, um die Benutzererfahrung effizienter zu gestalten.\t\t\t\t\t\t\t\t<\/div>\n\t\t\t\t<\/div>\n\t\t\t\t<div class=\"elementor-element elementor-element-90d5142 elementor-widget elementor-widget-text-editor\" data-id=\"90d5142\" data-element_type=\"widget\" data-widget_type=\"text-editor.default\">\n\t\t\t\t<div class=\"elementor-widget-container\">\n\t\t\t\t\t\t\t\t\tLaut Gesetz k\u00f6nnen wir Cookies auf Ihrem Ger\u00e4t speichern, wenn diese f\u00fcr den Betrieb dieser Seite unbedingt notwendig sind. F\u00fcr alle anderen Cookie-Typen ben\u00f6tigen wir Ihre Erlaubnis.\n\t\t\t\t\t\t\t\t<\/div>\n\t\t\t\t<\/div>\n\t\t\t\t<div class=\"elementor-element elementor-element-99730f2 elementor-widget elementor-widget-text-editor\" data-id=\"99730f2\" data-element_type=\"widget\" data-widget_type=\"text-editor.default\">\n\t\t\t\t<div class=\"elementor-widget-container\">\n\t\t\t\t\t\t\t\t\tDiese Seite verwendet unterschiedliche Cookie-Typen. Einige Cookies werden von Drittparteien platziert, die auf unseren Seiten erscheinen.\t\t\t\t\t\t\t\t<\/div>\n\t\t\t\t<\/div>\n\t\t\t\t<div class=\"elementor-element elementor-element-2ffb13a elementor-widget elementor-widget-text-editor\" data-id=\"2ffb13a\" data-element_type=\"widget\" data-widget_type=\"text-editor.default\">\n\t\t\t\t<div class=\"elementor-widget-container\">\n\t\t\t\t\t\t\t\t\tSie k\u00f6nnen Ihre Einwilligung jederzeit von der Cookie-Erkl\u00e4rung auf unserer Website \u00e4ndern oder widerrufen.\t\t\t\t\t\t\t\t<\/div>\n\t\t\t\t<\/div>\n\t\t\t\t<div class=\"elementor-element elementor-element-3d45216 elementor-widget elementor-widget-text-editor\" data-id=\"3d45216\" data-element_type=\"widget\" data-widget_type=\"text-editor.default\">\n\t\t\t\t<div class=\"elementor-widget-container\">\n\t\t\t\t\t\t\t\t\tErfahren Sie in unserer Datenschutzrichtlinie mehr dar\u00fcber, wer wir sind, wie Sie uns kontaktieren k\u00f6nnen und wie wir personenbezogene Daten verarbeiten.\t\t\t\t\t\t\t\t<\/div>\n\t\t\t\t<\/div>\n\t\t\t\t<div class=\"elementor-element elementor-element-c922f92 elementor-widget elementor-widget-text-editor\" data-id=\"c922f92\" data-element_type=\"widget\" data-widget_type=\"text-editor.default\">\n\t\t\t\t<div class=\"elementor-widget-container\">\n\t\t\t\t\t\t\t\t\tBitte geben Sie Ihre Einwilligungs-ID und das Datum an, wenn Sie uns bez\u00fcglich Ihrer Einwilligung kontaktieren.\t\t\t\t\t\t\t\t<\/div>\n\t\t\t\t<\/div>\n\t\t\t\t<div class=\"elementor-element elementor-element-59e49d4 elementor-widget elementor-widget-text-editor\" data-id=\"59e49d4\" data-element_type=\"widget\" data-widget_type=\"text-editor.default\">\n\t\t\t\t<div class=\"elementor-widget-container\">\n\t\t\t\t\t\t\t\t\tIhre Einwilligung trifft auf die folgenden Domains zu: tr\u00f6mel.com, kh-troemel.de\t\t\t\t\t\t\t\t<\/div>\n\t\t\t\t<\/div>\n\t\t\t\t<div class=\"elementor-element elementor-element-baf3d8b elementor-widget elementor-widget-text-editor\" data-id=\"baf3d8b\" data-element_type=\"widget\" data-widget_type=\"text-editor.default\">\n\t\t\t\t<div class=\"elementor-widget-container\">\n\t\t\t\t\t\t\t\t\tIhr aktueller Zustand: Alle zulassen.<br>\nIhre Einwilligungs-ID: lHWtOtrSLfC+ZN6CpzaxYairGjAE+U8vccEDEkk2iDfwDumILMgWwA==<br>\nEinwilligungsdatum: Montag, 24. M\u00e4rz 2025 um 10:24:50 GMT+5:30<br>\n<a href=\"https:\/\/kh-troemel.de\/privat\/cookies#\">Einwilligung \u00e4ndern | Einwilligung widerrufen<\/a>\t\t\t\t\t\t\t\t<\/div>\n\t\t\t\t<\/div>\n\t\t\t\t<div class=\"elementor-element elementor-element-fa10cff elementor-widget elementor-widget-text-editor\" data-id=\"fa10cff\" data-element_type=\"widget\" data-widget_type=\"text-editor.default\">\n\t\t\t\t<div class=\"elementor-widget-container\">\n\t\t\t\t\t\t\t\t\tDie Cookie-Erkl\u00e4rung wurde das letzte Mal am 4\/13\/25 von\u00a0<a title=\"Cookiebot\" href=\"https:\/\/www.cookiebot.com\/\" target=\"_blank\" rel=\"noopener\">Cookiebot<\/a>\u00a0aktualisiert:\t\t\t\t\t\t\t\t<\/div>\n\t\t\t\t<\/div>\n\t\t\t\t<div class=\"elementor-element elementor-element-6612f40 elementor-widget elementor-widget-html\" data-id=\"6612f40\" data-element_type=\"widget\" data-widget_type=\"html.default\">\n\t\t\t\t<div class=\"elementor-widget-container\">\n\t\t\t\t\t<div class=\"CookieDeclarationType\" lang=\"de\" dir=\"ltr\">    <p class=\"CookieDeclarationTypeHeader\">Notwendig (7)        <\/p>    <p class=\"CookieDeclarationTypeDescription\">Notwendige Cookies helfen dabei, eine Webseite nutzbar zu machen, indem sie Grundfunktionen wie Seitennavigation und Zugriff auf sichere Bereiche der Webseite erm\u00f6glichen. Die Webseite kann ohne diese Cookies nicht richtig funktionieren. <\/p>    <table class=\"CookieDeclarationTable\">      <colgroup>        <col style=\"width: 20%\">        <col style=\"width: 20%\">        <col style=\"width: 35%\">        <col style=\"width: 15%\">        <col style=\"width: 10%\">      <\/colgroup>      <thead>        <tr>          <th scope=\"col\" class=\"CookieDeclarationTableHeader\" dir=\"ltr\">Name<\/th>          <th scope=\"col\" class=\"CookieDeclarationTableHeader\" dir=\"ltr\">Anbieter<\/th>          <th scope=\"col\" class=\"CookieDeclarationTableHeader\" dir=\"ltr\">Zweck<\/th>          <th scope=\"col\" class=\"CookieDeclarationTableHeader\" dir=\"ltr\">Maximale Speicherdauer<\/th>          <th scope=\"col\" class=\"CookieDeclarationTableHeader\" dir=\"ltr\">Typ<\/th>        <\/tr>      <\/thead>      <tbody><tr>        <td class=\"CookieDeclarationTableCell\">CookieConsent          [x3]        <\/td>        <td class=\"CookieDeclarationTableCell\"><a target=\"_blank\" rel=\"noopener noreferrer nofollow\" href=\"https:\/\/www.cookiebot.com\/goto\/privacy-policy\/\" title=\"die Datenschutzrichtlinie von Cookiebot\">Cookiebot<\/a><\/td>        <td class=\"CookieDeclarationTableCell\">Speichert den Zustimmungsstatus des Benutzers f\u00fcr Cookies auf der aktuellen Dom\u00e4ne.<\/td>        <td class=\"CookieDeclarationTableCell\">1 Jahr<\/td>        <td class=\"CookieDeclarationTableCell\">HTTP-Cookie<\/td>      <\/tr>      <tr>        <td class=\"CookieDeclarationTableCell\">rc::a<\/td>        <td class=\"CookieDeclarationTableCell\"><a target=\"_blank\" rel=\"noopener noreferrer nofollow\" href=\"https:\/\/business.safety.google\/privacy\/\" title=\"die Datenschutzrichtlinie von Google\">Google<\/a><\/td>        <td class=\"CookieDeclarationTableCell\">Dieser Cookie wird verwendet, um zwischen Menschen und Bots zu unterscheiden. Dies ist vorteilhaft f\u00fcr die Website, um g\u00fcltige Berichte \u00fcber die Nutzung Ihrer Website zu erstellen.<\/td>        <td class=\"CookieDeclarationTableCell\">Best\u00e4ndig<\/td>        <td class=\"CookieDeclarationTableCell\">HTML Local Storage<\/td>      <\/tr>      <tr>        <td class=\"CookieDeclarationTableCell\">rc::c<\/td>        <td class=\"CookieDeclarationTableCell\"><a target=\"_blank\" rel=\"noopener noreferrer nofollow\" href=\"https:\/\/business.safety.google\/privacy\/\" title=\"die Datenschutzrichtlinie von Google\">Google<\/a><\/td>        <td class=\"CookieDeclarationTableCell\">Dieser Cookie wird verwendet, um zwischen Menschen und Bots zu unterscheiden.<\/td>        <td class=\"CookieDeclarationTableCell\">Sitzung<\/td>        <td class=\"CookieDeclarationTableCell\">HTML Local Storage<\/td>      <\/tr>      <tr>        <td class=\"CookieDeclarationTableCell\">XSRF-TOKEN          [x2]        <\/td>        <td class=\"CookieDeclarationTableCell\">kh-troemel.de<br>tr\u00f6mel.com<\/td>        <td class=\"CookieDeclarationTableCell\">Gew\u00e4hrleistet die Sicherheit beim Browsen f\u00fcr Besucher durch Verhinderung von Cross-Site Request Forgery. Dieser Cookie ist wesentlich f\u00fcr die Sicherheit der Website und des Besuchers.<\/td>        <td class=\"CookieDeclarationTableCell\">1 Tag<\/td>        <td class=\"CookieDeclarationTableCell\">HTTP-Cookie<\/td>      <\/tr>    <\/tbody><\/table>  <\/div>\t\t\t\t<\/div>\n\t\t\t\t<\/div>\n\t\t\t\t<div class=\"elementor-element elementor-element-d2a1692 elementor-widget elementor-widget-html\" data-id=\"d2a1692\" data-element_type=\"widget\" data-widget_type=\"html.default\">\n\t\t\t\t<div class=\"elementor-widget-container\">\n\t\t\t\t\t<div class=\"CookieDeclarationType\" lang=\"de\" dir=\"ltr\">    <p class=\"CookieDeclarationTypeHeader\">Pr\u00e4ferenzen (1)        <\/p>    <p class=\"CookieDeclarationTypeDescription\">Pr\u00e4ferenz-Cookies erm\u00f6glichen einer Webseite sich an Informationen zu erinnern, die die Art beeinflussen, wie sich eine Webseite verh\u00e4lt oder aussieht, wie z. B. Ihre bevorzugte Sprache oder die Region in der Sie sich befinden. <\/p>    <table class=\"CookieDeclarationTable\">      <colgroup>        <col style=\"width: 20%\">        <col style=\"width: 20%\">        <col style=\"width: 35%\">        <col style=\"width: 15%\">        <col style=\"width: 10%\">      <\/colgroup>      <thead>        <tr>          <th scope=\"col\" class=\"CookieDeclarationTableHeader\" dir=\"ltr\">Name<\/th>          <th scope=\"col\" class=\"CookieDeclarationTableHeader\" dir=\"ltr\">Anbieter<\/th>          <th scope=\"col\" class=\"CookieDeclarationTableHeader\" dir=\"ltr\">Zweck<\/th>          <th scope=\"col\" class=\"CookieDeclarationTableHeader\" dir=\"ltr\">Maximale Speicherdauer<\/th>          <th scope=\"col\" class=\"CookieDeclarationTableHeader\" dir=\"ltr\">Typ<\/th>        <\/tr>      <\/thead>      <tbody><tr>        <td class=\"CookieDeclarationTableCell\">CookieConsentBulkSetting-#<\/td>        <td class=\"CookieDeclarationTableCell\"><a target=\"_blank\" rel=\"noopener noreferrer nofollow\" href=\"https:\/\/www.cookiebot.com\/goto\/privacy-policy\/\" title=\"die Datenschutzrichtlinie von Cookiebot\">Cookiebot<\/a><\/td>        <td class=\"CookieDeclarationTableCell\">Aktiviert die Zustimmung zur Cookie-Nutzung f\u00fcr mehrere Webseiten<\/td>        <td class=\"CookieDeclarationTableCell\">1 Jahr<\/td>        <td class=\"CookieDeclarationTableCell\">HTML Local Storage<\/td>      <\/tr>    <\/tbody><\/table>  <\/div>\t\t\t\t<\/div>\n\t\t\t\t<\/div>\n\t\t\t\t<\/div>\n\t\t\t\t<div class=\"elementor-element elementor-element-2344d06 elementor-widget elementor-widget-html\" data-id=\"2344d06\" data-element_type=\"widget\" data-widget_type=\"html.default\">\n\t\t\t\t<div class=\"elementor-widget-container\">\n\t\t\t\t\t<div class=\"CookieDeclarationType\" lang=\"de\" dir=\"ltr\">    <p class=\"CookieDeclarationTypeHeader\">Marketing (4)        <\/p>    <p class=\"CookieDeclarationTypeDescription\">Marketing-Cookies werden verwendet, um Besuchern auf Webseiten zu folgen. Die Absicht ist, Anzeigen zu zeigen, die relevant und ansprechend f\u00fcr den einzelnen Benutzer sind und daher wertvoller f\u00fcr Publisher und werbetreibende Drittparteien sind. <\/p>    <table class=\"CookieDeclarationTable\">      <colgroup>        <col style=\"width: 20%\">        <col style=\"width: 20%\">        <col style=\"width: 35%\">        <col style=\"width: 15%\">        <col style=\"width: 10%\">      <\/colgroup>      <thead>        <tr>          <th scope=\"col\" class=\"CookieDeclarationTableHeader\" dir=\"ltr\">Name<\/th>          <th scope=\"col\" class=\"CookieDeclarationTableHeader\" dir=\"ltr\">Anbieter<\/th>          <th scope=\"col\" class=\"CookieDeclarationTableHeader\" dir=\"ltr\">Zweck<\/th>          <th scope=\"col\" class=\"CookieDeclarationTableHeader\" dir=\"ltr\">Maximale Speicherdauer<\/th>          <th scope=\"col\" class=\"CookieDeclarationTableHeader\" dir=\"ltr\">Typ<\/th>        <\/tr>      <\/thead>      <tbody><tr>        <td class=\"CookieDeclarationTableCell\">_ga          [x2]        <\/td>        <td class=\"CookieDeclarationTableCell\"><a target=\"_blank\" rel=\"noopener noreferrer nofollow\" href=\"https:\/\/business.safety.google\/privacy\/\" title=\"die Datenschutzrichtlinie von Google\">Google<\/a><\/td>        <td class=\"CookieDeclarationTableCell\">Wird verwendet, um Daten zu Google Analytics \u00fcber das Ger\u00e4t und das Verhalten des Besuchers zu senden.&nbsp;Erfasst den Besucher \u00fcber Ger\u00e4te und Marketingkan\u00e4le hinweg.<\/td>        <td class=\"CookieDeclarationTableCell\">2 Jahre<\/td>        <td class=\"CookieDeclarationTableCell\">HTTP-Cookie<\/td>      <\/tr>      <tr>        <td class=\"CookieDeclarationTableCell\">_ga_#          [x2]        <\/td>        <td class=\"CookieDeclarationTableCell\"><a target=\"_blank\" rel=\"noopener noreferrer nofollow\" href=\"https:\/\/business.safety.google\/privacy\/\" title=\"die Datenschutzrichtlinie von Google\">Google<\/a><\/td>        <td class=\"CookieDeclarationTableCell\">Wird verwendet, um Daten zu Google Analytics \u00fcber das Ger\u00e4t und das Verhalten des Besuchers zu senden.&nbsp;Erfasst den Besucher \u00fcber Ger\u00e4te und Marketingkan\u00e4le hinweg.<\/td>        <td class=\"CookieDeclarationTableCell\">2 Jahre<\/td>        <td class=\"CookieDeclarationTableCell\">HTTP-Cookie<\/td>      <\/tr>    <\/tbody><\/table>  <\/div>\t\t\t\t<\/div>\n\t\t\t\t<\/div>\n\t\t\t\t<div class=\"elementor-element elementor-element-ffecdca elementor-widget elementor-widget-html\" data-id=\"ffecdca\" data-element_type=\"widget\" data-widget_type=\"html.default\">\n\t\t\t\t<div class=\"elementor-widget-container\">\n\t\t\t\t\t<div class=\"CookieDeclarationType\" lang=\"de\" dir=\"ltr\">    <p class=\"CookieDeclarationTypeHeader\">Nicht klassifiziert (2)        <\/p>    <p class=\"CookieDeclarationTypeDescription\">Nicht klassifizierte Cookies sind Cookies, die wir gerade versuchen zu klassifizieren, zusammen mit Anbietern von individuellen Cookies. <\/p>    <table class=\"CookieDeclarationTable\">      <colgroup>        <col style=\"width: 20%\">        <col style=\"width: 20%\">        <col style=\"width: 35%\">        <col style=\"width: 15%\">        <col style=\"width: 10%\">      <\/colgroup>      <thead>        <tr>          <th scope=\"col\" class=\"CookieDeclarationTableHeader\" dir=\"ltr\">Name<\/th>          <th scope=\"col\" class=\"CookieDeclarationTableHeader\" dir=\"ltr\">Anbieter<\/th>          <th scope=\"col\" class=\"CookieDeclarationTableHeader\" dir=\"ltr\">Zweck<\/th>          <th scope=\"col\" class=\"CookieDeclarationTableHeader\" dir=\"ltr\">Maximale Speicherdauer<\/th>          <th scope=\"col\" class=\"CookieDeclarationTableHeader\" dir=\"ltr\">Typ<\/th>        <\/tr>      <\/thead>      <tbody><tr>        <td class=\"CookieDeclarationTableCell\">tromel_session          [x2]        <\/td>        <td class=\"CookieDeclarationTableCell\">kh-troemel.de<br>tr\u00f6mel.com<\/td>        <td class=\"CookieDeclarationTableCell\">Anstehend<\/td>        <td class=\"CookieDeclarationTableCell\">1 Tag<\/td>        <td class=\"CookieDeclarationTableCell\">HTTP-Cookie<\/td>      <\/tr>    <\/tbody><\/table>  <\/div>\t\t\t\t<\/div>\n\t\t\t\t<\/div>\n\t\t\t\t\t<\/div>\n\t\t\t\t<\/div>\n\t\t\t\t<\/div>\n\t\t","protected":false},"excerpt":{"rendered":"<p>Cookies Diese Webseite verwendet Cookies. Wir verwenden Cookies, um Inhalte und Anzeigen zu personalisieren, Funktionen f\u00fcr soziale Medien anbieten zu [&hellip;]<\/p>\n","protected":false},"author":1,"featured_media":0,"parent":0,"menu_order":0,"comment_status":"closed","ping_status":"closed","template":"elementor_header_footer","meta":{"site-sidebar-layout":"no-sidebar","site-content-layout":"","ast-site-content-layout":"full-width-container","site-content-style":"unboxed","site-sidebar-style":"unboxed","ast-global-header-display":"","ast-banner-title-visibility":"","ast-main-header-display":"","ast-hfb-above-header-display":"","ast-hfb-below-header-display":"","ast-hfb-mobile-header-display":"","site-post-title":"disabled","ast-breadcrumbs-content":"","ast-featured-img":"disabled","footer-sml-layout":"","theme-transparent-header-meta":"disabled","adv-header-id-meta":"","stick-header-meta":"","header-above-stick-meta":"","header-main-stick-meta":"","header-below-stick-meta":"","astra-migrate-meta-layouts":"default","ast-page-background-enabled":"default","ast-page-background-meta":{"desktop":{"background-color":"var(--ast-global-color-5)","background-image":"","background-repeat":"repeat","background-position":"center center","background-size":"auto","background-attachment":"scroll","background-type":"","background-media":"","overlay-type":"","overlay-color":"","overlay-opacity":"","overlay-gradient":""},"tablet":{"background-color":"","background-image":"","background-repeat":"repeat","background-position":"center center","background-size":"auto","background-attachment":"scroll","background-type":"","background-media":"","overlay-type":"","overlay-color":"","overlay-opacity":"","overlay-gradient":""},"mobile":{"background-color":"","background-image":"","background-repeat":"repeat","background-position":"center center","background-size":"auto","background-attachment":"scroll","background-type":"","background-media":"","overlay-type":"","overlay-color":"","overlay-opacity":"","overlay-gradient":""}},"ast-content-background-meta":{"desktop":{"background-color":"var(--ast-global-color-4)","background-image":"","background-repeat":"repeat","background-position":"center center","background-size":"auto","background-attachment":"scroll","background-type":"","background-media":"","overlay-type":"","overlay-color":"","overlay-opacity":"","overlay-gradient":""},"tablet":{"background-color":"var(--ast-global-color-4)","background-image":"","background-repeat":"repeat","background-position":"center center","background-size":"auto","background-attachment":"scroll","background-type":"","background-media":"","overlay-type":"","overlay-color":"","overlay-opacity":"","overlay-gradient":""},"mobile":{"background-color":"var(--ast-global-color-4)","background-image":"","background-repeat":"repeat","background-position":"center center","background-size":"auto","background-attachment":"scroll","background-type":"","background-media":"","overlay-type":"","overlay-color":"","overlay-opacity":"","overlay-gradient":""}},"footnotes":""},"class_list":["post-751","page","type-page","status-publish","hentry"],"acf":[],"yoast_head":"<!-- This site is optimized with the Yoast SEO plugin v26.3 - https:\/\/yoast.com\/wordpress\/plugins\/seo\/ -->\n<title>Cookies - kh-troemel Gewerbe<\/title>\n<meta name=\"robots\" content=\"index, follow, max-snippet:-1, max-image-preview:large, max-video-preview:-1\" \/>\n<link rel=\"canonical\" href=\"https:\/\/kh-troemel.de\/gewerbe\/cookies\/\" \/>\n<meta property=\"og:locale\" content=\"de_DE\" \/>\n<meta property=\"og:type\" content=\"article\" \/>\n<meta property=\"og:title\" content=\"Cookies - kh-troemel Gewerbe\" \/>\n<meta property=\"og:description\" content=\"Cookies Diese Webseite verwendet Cookies. Wir verwenden Cookies, um Inhalte und Anzeigen zu personalisieren, Funktionen f\u00fcr soziale Medien anbieten zu [&hellip;]\" \/>\n<meta property=\"og:url\" content=\"https:\/\/kh-troemel.de\/gewerbe\/cookies\/\" \/>\n<meta property=\"og:site_name\" content=\"kh-troemel Gewerbe\" \/>\n<meta property=\"article:modified_time\" content=\"2025-07-10T06:52:51+00:00\" \/>\n<meta name=\"twitter:card\" content=\"summary_large_image\" \/>\n<meta name=\"twitter:label1\" content=\"Gesch\u00e4tzte Lesezeit\" \/>\n\t<meta name=\"twitter:data1\" content=\"3\u00a0Minuten\" \/>\n<script type=\"application\/ld+json\" class=\"yoast-schema-graph\">{\"@context\":\"https:\/\/schema.org\",\"@graph\":[{\"@type\":\"WebPage\",\"@id\":\"https:\/\/kh-troemel.de\/gewerbe\/cookies\/\",\"url\":\"https:\/\/kh-troemel.de\/gewerbe\/cookies\/\",\"name\":\"Cookies - kh-troemel Gewerbe\",\"isPartOf\":{\"@id\":\"https:\/\/kh-troemel.de\/gewerbe\/#website\"},\"datePublished\":\"2025-03-24T12:04:02+00:00\",\"dateModified\":\"2025-07-10T06:52:51+00:00\",\"breadcrumb\":{\"@id\":\"https:\/\/kh-troemel.de\/gewerbe\/cookies\/#breadcrumb\"},\"inLanguage\":\"de\",\"potentialAction\":[{\"@type\":\"ReadAction\",\"target\":[\"https:\/\/kh-troemel.de\/gewerbe\/cookies\/\"]}]},{\"@type\":\"BreadcrumbList\",\"@id\":\"https:\/\/kh-troemel.de\/gewerbe\/cookies\/#breadcrumb\",\"itemListElement\":[{\"@type\":\"ListItem\",\"position\":1,\"name\":\"Home\",\"item\":\"https:\/\/kh-troemel.de\/gewerbe\/\"},{\"@type\":\"ListItem\",\"position\":2,\"name\":\"Cookies\"}]},{\"@type\":\"WebSite\",\"@id\":\"https:\/\/kh-troemel.de\/gewerbe\/#website\",\"url\":\"https:\/\/kh-troemel.de\/gewerbe\/\",\"name\":\"kh-troemel Gewerbe\",\"description\":\"\",\"publisher\":{\"@id\":\"https:\/\/kh-troemel.de\/gewerbe\/#organization\"},\"potentialAction\":[{\"@type\":\"SearchAction\",\"target\":{\"@type\":\"EntryPoint\",\"urlTemplate\":\"https:\/\/kh-troemel.de\/gewerbe\/?s={search_term_string}\"},\"query-input\":{\"@type\":\"PropertyValueSpecification\",\"valueRequired\":true,\"valueName\":\"search_term_string\"}}],\"inLanguage\":\"de\"},{\"@type\":\"Organization\",\"@id\":\"https:\/\/kh-troemel.de\/gewerbe\/#organization\",\"name\":\"kh-troemel Gewerbe\",\"url\":\"https:\/\/kh-troemel.de\/gewerbe\/\",\"logo\":{\"@type\":\"ImageObject\",\"inLanguage\":\"de\",\"@id\":\"https:\/\/kh-troemel.de\/gewerbe\/#\/schema\/logo\/image\/\",\"url\":\"https:\/\/kh-troemel.de\/gewerbe\/wp-content\/uploads\/2025\/05\/Troemel_Logo_oB_primary.png\",\"contentUrl\":\"https:\/\/kh-troemel.de\/gewerbe\/wp-content\/uploads\/2025\/05\/Troemel_Logo_oB_primary.png\",\"width\":388,\"height\":57,\"caption\":\"kh-troemel Gewerbe\"},\"image\":{\"@id\":\"https:\/\/kh-troemel.de\/gewerbe\/#\/schema\/logo\/image\/\"}}]}<\/script>\n<!-- \/ Yoast SEO plugin. -->","yoast_head_json":{"title":"Cookies - kh-troemel Gewerbe","robots":{"index":"index","follow":"follow","max-snippet":"max-snippet:-1","max-image-preview":"max-image-preview:large","max-video-preview":"max-video-preview:-1"},"canonical":"https:\/\/kh-troemel.de\/gewerbe\/cookies\/","og_locale":"de_DE","og_type":"article","og_title":"Cookies - kh-troemel Gewerbe","og_description":"Cookies Diese Webseite verwendet Cookies. Wir verwenden Cookies, um Inhalte und Anzeigen zu personalisieren, Funktionen f\u00fcr soziale Medien anbieten zu [&hellip;]","og_url":"https:\/\/kh-troemel.de\/gewerbe\/cookies\/","og_site_name":"kh-troemel Gewerbe","article_modified_time":"2025-07-10T06:52:51+00:00","twitter_card":"summary_large_image","twitter_misc":{"Gesch\u00e4tzte Lesezeit":"3\u00a0Minuten"},"schema":{"@context":"https:\/\/schema.org","@graph":[{"@type":"WebPage","@id":"https:\/\/kh-troemel.de\/gewerbe\/cookies\/","url":"https:\/\/kh-troemel.de\/gewerbe\/cookies\/","name":"Cookies - kh-troemel Gewerbe","isPartOf":{"@id":"https:\/\/kh-troemel.de\/gewerbe\/#website"},"datePublished":"2025-03-24T12:04:02+00:00","dateModified":"2025-07-10T06:52:51+00:00","breadcrumb":{"@id":"https:\/\/kh-troemel.de\/gewerbe\/cookies\/#breadcrumb"},"inLanguage":"de","potentialAction":[{"@type":"ReadAction","target":["https:\/\/kh-troemel.de\/gewerbe\/cookies\/"]}]},{"@type":"BreadcrumbList","@id":"https:\/\/kh-troemel.de\/gewerbe\/cookies\/#breadcrumb","itemListElement":[{"@type":"ListItem","position":1,"name":"Home","item":"https:\/\/kh-troemel.de\/gewerbe\/"},{"@type":"ListItem","position":2,"name":"Cookies"}]},{"@type":"WebSite","@id":"https:\/\/kh-troemel.de\/gewerbe\/#website","url":"https:\/\/kh-troemel.de\/gewerbe\/","name":"kh-troemel Gewerbe","description":"","publisher":{"@id":"https:\/\/kh-troemel.de\/gewerbe\/#organization"},"potentialAction":[{"@type":"SearchAction","target":{"@type":"EntryPoint","urlTemplate":"https:\/\/kh-troemel.de\/gewerbe\/?s={search_term_string}"},"query-input":{"@type":"PropertyValueSpecification","valueRequired":true,"valueName":"search_term_string"}}],"inLanguage":"de"},{"@type":"Organization","@id":"https:\/\/kh-troemel.de\/gewerbe\/#organization","name":"kh-troemel Gewerbe","url":"https:\/\/kh-troemel.de\/gewerbe\/","logo":{"@type":"ImageObject","inLanguage":"de","@id":"https:\/\/kh-troemel.de\/gewerbe\/#\/schema\/logo\/image\/","url":"https:\/\/kh-troemel.de\/gewerbe\/wp-content\/uploads\/2025\/05\/Troemel_Logo_oB_primary.png","contentUrl":"https:\/\/kh-troemel.de\/gewerbe\/wp-content\/uploads\/2025\/05\/Troemel_Logo_oB_primary.png","width":388,"height":57,"caption":"kh-troemel Gewerbe"},"image":{"@id":"https:\/\/kh-troemel.de\/gewerbe\/#\/schema\/logo\/image\/"}}]}},"_links":{"self":[{"href":"https:\/\/kh-troemel.de\/gewerbe\/wp-json\/wp\/v2\/pages\/751","targetHints":{"allow":["GET"]}}],"collection":[{"href":"https:\/\/kh-troemel.de\/gewerbe\/wp-json\/wp\/v2\/pages"}],"about":[{"href":"https:\/\/kh-troemel.de\/gewerbe\/wp-json\/wp\/v2\/types\/page"}],"author":[{"embeddable":true,"href":"https:\/\/kh-troemel.de\/gewerbe\/wp-json\/wp\/v2\/users\/1"}],"replies":[{"embeddable":true,"href":"https:\/\/kh-troemel.de\/gewerbe\/wp-json\/wp\/v2\/comments?post=751"}],"version-history":[{"count":43,"href":"https:\/\/kh-troemel.de\/gewerbe\/wp-json\/wp\/v2\/pages\/751\/revisions"}],"predecessor-version":[{"id":6713,"href":"https:\/\/kh-troemel.de\/gewerbe\/wp-json\/wp\/v2\/pages\/751\/revisions\/6713"}],"wp:attachment":[{"href":"https:\/\/kh-troemel.de\/gewerbe\/wp-json\/wp\/v2\/media?parent=751"}],"curies":[{"name":"wp","href":"https:\/\/api.w.org\/{rel}","templated":true}]}}